{"id":1603,"date":"2022-09-15T11:21:27","date_gmt":"2022-09-15T09:21:27","guid":{"rendered":"https:\/\/www.sprache-verbindet.net\/impressum\/"},"modified":"2023-08-29T15:47:52","modified_gmt":"2023-08-29T13:47:52","slug":"impressum","status":"publish","type":"page","link":"https:\/\/www.sprache-verbindet.net\/fr\/impressum\/","title":{"rendered":"Impressum"},"content":{"rendered":"<h3>Verantwortlich f\u00fcr die Inhalte dieser Website<\/h3>\n<p><strong>Rotary Club Iserlohn-Waldstadt<\/strong><br \/>\n<strong>Projekt \u201eSprache verbindet\u201c<\/strong><\/p>\n<p>J\u00fcrgen Schwerter (Projektleiter)<br \/>\nStennerstra\u00dfe 4, 58636 Iserlohn<br \/>\nTel.: 02371 83 72 06<br \/>\nE-Mail:\u00a0<a href=\"m&#97;&#105;&#108;&#x74;&#x6f;&#x3a;sc&#104;&#119;&#x65;&#x72;&#x74;&#x65;r&#64;&#106;&#117;&#x65;&#x72;&#x67;&#x65;n&#45;&#115;&#99;&#x68;&#x77;&#x65;rt&#101;&#114;&#46;&#x64;&#x65;\">&#x73;&#99;h&#x77;&#x65;&#114;t&#x65;&#114;&#64;&#x6a;&#x75;&#101;r&#x67;&#101;n&#x2d;&#x73;&#99;h&#x77;&#x65;&#114;&#x74;&#x65;&#114;&#46;&#x64;&#x65;<\/a><\/p>\n<p>Konzept, Design:\u00a0<a href=\"https:\/\/www.jungepartner.de\/\" target=\"_blank\" rel=\"noopener\">jungepartner.de<\/a><\/p>\n<div id=\"informations-1\" class=\"informations\">\n<div>\n<h3>Kontakt f\u00fcr Initiatoren<\/h3>\n<p>Sie m\u00f6chten mit Ihrer \u201eSprache verbindet\u201c-Initiative auf dieser Seite eingetragen werden?<br \/>\nNehmen Sie einfach Kontakt auf mit dem \u201eSprache-verbindet\u201c Projektb\u00fcro Iserlohn.<\/p>\n<\/div>\n<\/div>\n<h3>Hinweise zum Urheberrecht und zur Haftung<\/h3>\n<p><em>\u201aSprache verbindet\u2018<\/em>\u00a0ist als Inhaltsanbieter nach \u00a7 5 Abs.1 Mediendienste-Staatsvertrag und \u00a7 5 des Teledienste-Gesetzes f\u00fcr die \u201eeigenen Inhalte\u201c, die diese Website zur Nutzung bereith\u00e4lt, nach den allgemeinen Gesetzen verantwortlich.<\/p>\n<p>Von diesen eigenen Inhalten sind Querverweise (\u201eLinks\u201c) auf die von anderen Anbietern bereitgehaltenen Inhalte zu unterscheiden. Durch den Querverweis h\u00e4lt\u00a0<em>\u201aSprache verbindet\u2018<\/em>\u00a0 insofern \u201efremde Inhalte\u201c zur Nutzung bereit. F\u00fcr diese fremden Inhalte ist\u00a0<em>\u201aSprache verbindet\u2018<\/em>\u00a0 nur dann verantwortlich, wenn\u00a0es von ihnen (d.h. auch von einem rechtswidrigen bzw. strafbaren Inhalt) positive Kenntnis hat und es\u00a0<em>\u201aSprache verbindet\u2018<\/em>\u00a0\u00a0 technisch m\u00f6glich und zumutbar ist, deren Nutzung zu verhindern (\u00a7 5 Abs.2 Mediendienste-Staatsvertrag).<\/p>\n<p>Bei \u201eLinks\u201c handelt es sich allerdings stets um lebende\u201c (dynamische) Verweisungen.<br \/>\n<em>\u201aSprache verbindet\u2018<\/em>\u00a0 hat bei der erstmaligen Verkn\u00fcpfung zwar den fremden Inhalt daraufhin \u00fcberpr\u00fcft, ob durch ihn eine m\u00f6gliche zivilrechtliche oder strafrechtliche Verantwortlichkeit ausgel\u00f6st wird.\u00a0<em>\u201aSprache verbindet\u2018<\/em>\u00a0 ist aber nicht dazu verpflichtet, die Inhalte, auf die sie in ihrem\u00a0 Angebot verweist, st\u00e4ndig auf Ver\u00e4nderungen zu \u00fcberpr\u00fcfen, die eine Verantwortlichkeit neu begr\u00fcnden k\u00f6nnten. Erst wenn\u00a0<em>\u201aSprache verbindet\u2018<\/em>\u00a0 feststellt oder von anderen darauf hingewiesen wird, da\u00df ein konkretes Angebot, zu dem diese Website einen Link bereitgestellt hat, eine zivil- oder strafrechtliche Verantwortlichkeit ausl\u00f6st, wird\u00a0<em>\u201aSprache verbindet\u2018<\/em>\u00a0 den Verweis auf dieses Angebot aufheben, soweit\u00a0dies technisch m\u00f6glich und zumutbar ist.<\/p>\n<p>Die technische M\u00f6glichkeit und Zumutbarkeit wird nicht dadurch beeinflu\u00dft, da\u00df auch nach Unterbindung des Zugriffs von der Homepage von\u00a0<em>\u201aSprache verbindet\u2018<\/em>\u00a0 von anderen Servern aus auf das rechtswidrige oder strafbare Angebot zugegriffen werden kann.<\/p>\n<p>Alle angebotenen Inhalte dienen ausschlie\u00dflich der Information. Die in dieser Site \u00f6ffentlich zug\u00e4nglich gemachten Dokumente einschlie\u00dflich anderer dazugeh\u00f6riger Daten wie z.B. Bilder, Grafiken, Programmiercodes sind urheberrechtlich gesch\u00fctzt. Verantwortlich f\u00fcr die Inhalte sind die jeweiligen Autoren.<\/p>\n<p>F\u00fcr Dokumente, die in elektronischer Form \u00fcber Datennetze angeboten werden, gilt uneingeschr\u00e4nkt das Urheberrechtsgesetz (UrhG). Insbesondere gilt:<br \/>\nEinzelne Vervielf\u00e4ltigungen, z.B. Kopien und Ausdrucke, d\u00fcrfen nur zum privaten und sonstigen eigenen Gebrauch angefertigt werden (Paragraph 53 UrhG). Die Herstellung und Verbreitung von weiteren Reproduktionen ist nur mit ausdr\u00fccklicher Genehmigung des Urhebers gestattet. Der Benutzer ist f\u00fcr die Einhaltung der Rechtsvorschriften selbst verantwortlich und kann bei Missbrauch haftbar gemacht werden.<\/p>\n","protected":false},"excerpt":{"rendered":"<p>Verantwortlich f\u00fcr die Inhalte dieser Website Rotary Club Iserlohn-Waldstadt Projekt \u201eSprache verbindet\u201c J\u00fcrgen Schwerter (Projektleiter) Stennerstra\u00dfe 4, 58636 Iserlohn Tel.: 02371 83 72 06 E-Mail:\u00a0&#115;c&#104;w&#101;r&#x74;e&#x72;&#64;&#x6a;u&#x65;r&#x67;e&#x6e;-&#x73;c&#x68;w&#x65;r&#x74;&#101;&#x72;&#46;&#x64;&#101; Konzept, Design:\u00a0jungepartner.de Kontakt f\u00fcr Initiatoren [weiterlesen \u2026]<\/p>\n","protected":false},"author":1,"featured_media":370,"parent":0,"menu_order":0,"comment_status":"closed","ping_status":"closed","template":"","meta":{"_acf_changed":false,"inline_featured_image":false,"footnotes":""},"class_list":["post-1603","page","type-page","status-publish","has-post-thumbnail","hentry"],"acf":[],"yoast_head":"<!-- This site is optimized with the Yoast SEO plugin v27.3 - https:\/\/yoast.com\/product\/yoast-seo-wordpress\/ -->\n<title>Impressum - La langue cr\u00e9e des liens<\/title>\n<meta name=\"description\" content=\"Verantwortlich f\u00fcr die Inhalte dieser Website Rotary Club Iserlohn-Waldstadt Projekt \u201eSprache verbindet\u201c J\u00fcrgen Schwerter (Projektleiter) Stennerstra\u00dfe 4,\" \/>\n<meta name=\"robots\" content=\"index, follow, max-snippet:-1, max-image-preview:large, max-video-preview:-1\" \/>\n<link rel=\"canonical\" href=\"https:\/\/www.sprache-verbindet.net\/fr\/impressum\/\" \/>\n<meta property=\"og:locale\" content=\"fr_FR\" \/>\n<meta property=\"og:type\" content=\"article\" \/>\n<meta property=\"og:title\" content=\"Impressum - La langue cr\u00e9e des liens\" \/>\n<meta property=\"og:description\" content=\"Verantwortlich f\u00fcr die Inhalte dieser Website Rotary Club Iserlohn-Waldstadt Projekt \u201eSprache verbindet\u201c J\u00fcrgen Schwerter (Projektleiter) Stennerstra\u00dfe 4,\" \/>\n<meta property=\"og:url\" content=\"https:\/\/www.sprache-verbindet.net\/fr\/impressum\/\" \/>\n<meta property=\"og:site_name\" content=\"La langue cr\u00e9e des liens\" \/>\n<meta property=\"article:modified_time\" content=\"2023-08-29T13:47:52+00:00\" \/>\n<meta property=\"og:image\" content=\"https:\/\/www.sprache-verbindet.net\/wp-content\/uploads\/iStock-862689938_ausschnitt.jpg\" \/>\n\t<meta property=\"og:image:width\" content=\"2400\" \/>\n\t<meta property=\"og:image:height\" content=\"1851\" \/>\n\t<meta property=\"og:image:type\" content=\"image\/jpeg\" \/>\n<meta name=\"twitter:card\" content=\"summary_large_image\" \/>\n<script type=\"application\/ld+json\" class=\"yoast-schema-graph\">{\"@context\":\"https:\\\/\\\/schema.org\",\"@graph\":[{\"@type\":\"WebPage\",\"@id\":\"https:\\\/\\\/www.sprache-verbindet.net\\\/fr\\\/impressum\\\/\",\"url\":\"https:\\\/\\\/www.sprache-verbindet.net\\\/fr\\\/impressum\\\/\",\"name\":\"Impressum - La langue cr\u00e9e des liens\",\"isPartOf\":{\"@id\":\"https:\\\/\\\/www.sprache-verbindet.net\\\/#website\"},\"primaryImageOfPage\":{\"@id\":\"https:\\\/\\\/www.sprache-verbindet.net\\\/fr\\\/impressum\\\/#primaryimage\"},\"image\":{\"@id\":\"https:\\\/\\\/www.sprache-verbindet.net\\\/fr\\\/impressum\\\/#primaryimage\"},\"thumbnailUrl\":\"https:\\\/\\\/www.sprache-verbindet.net\\\/wp-content\\\/uploads\\\/iStock-862689938_ausschnitt.jpg\",\"datePublished\":\"2022-09-15T09:21:27+00:00\",\"dateModified\":\"2023-08-29T13:47:52+00:00\",\"description\":\"Verantwortlich f\u00fcr die Inhalte dieser Website Rotary Club Iserlohn-Waldstadt Projekt \u201eSprache verbindet\u201c J\u00fcrgen Schwerter (Projektleiter) Stennerstra\u00dfe 4,\",\"breadcrumb\":{\"@id\":\"https:\\\/\\\/www.sprache-verbindet.net\\\/fr\\\/impressum\\\/#breadcrumb\"},\"inLanguage\":\"fr-FR\",\"potentialAction\":[{\"@type\":\"ReadAction\",\"target\":[\"https:\\\/\\\/www.sprache-verbindet.net\\\/fr\\\/impressum\\\/\"]}]},{\"@type\":\"ImageObject\",\"inLanguage\":\"fr-FR\",\"@id\":\"https:\\\/\\\/www.sprache-verbindet.net\\\/fr\\\/impressum\\\/#primaryimage\",\"url\":\"https:\\\/\\\/www.sprache-verbindet.net\\\/wp-content\\\/uploads\\\/iStock-862689938_ausschnitt.jpg\",\"contentUrl\":\"https:\\\/\\\/www.sprache-verbindet.net\\\/wp-content\\\/uploads\\\/iStock-862689938_ausschnitt.jpg\",\"width\":2400,\"height\":1851},{\"@type\":\"BreadcrumbList\",\"@id\":\"https:\\\/\\\/www.sprache-verbindet.net\\\/fr\\\/impressum\\\/#breadcrumb\",\"itemListElement\":[{\"@type\":\"ListItem\",\"position\":1,\"name\":\"Startseite\",\"item\":\"https:\\\/\\\/www.sprache-verbindet.net\\\/fr\\\/\"},{\"@type\":\"ListItem\",\"position\":2,\"name\":\"Impressum\"}]},{\"@type\":\"WebSite\",\"@id\":\"https:\\\/\\\/www.sprache-verbindet.net\\\/#website\",\"url\":\"https:\\\/\\\/www.sprache-verbindet.net\\\/\",\"name\":\"La langue cr\u00e9e des liens\",\"description\":\"\",\"publisher\":{\"@id\":\"https:\\\/\\\/www.sprache-verbindet.net\\\/#organization\"},\"potentialAction\":[{\"@type\":\"SearchAction\",\"target\":{\"@type\":\"EntryPoint\",\"urlTemplate\":\"https:\\\/\\\/www.sprache-verbindet.net\\\/?s={search_term_string}\"},\"query-input\":{\"@type\":\"PropertyValueSpecification\",\"valueRequired\":true,\"valueName\":\"search_term_string\"}}],\"inLanguage\":\"fr-FR\"},{\"@type\":\"Organization\",\"@id\":\"https:\\\/\\\/www.sprache-verbindet.net\\\/#organization\",\"name\":\"Sprache verbindet\",\"url\":\"https:\\\/\\\/www.sprache-verbindet.net\\\/\",\"logo\":{\"@type\":\"ImageObject\",\"inLanguage\":\"fr-FR\",\"@id\":\"https:\\\/\\\/www.sprache-verbindet.net\\\/#\\\/schema\\\/logo\\\/image\\\/\",\"url\":\"https:\\\/\\\/www.sprache-verbindet.net\\\/wp-content\\\/uploads\\\/sprache-verbindet-logo.svg\",\"contentUrl\":\"https:\\\/\\\/www.sprache-verbindet.net\\\/wp-content\\\/uploads\\\/sprache-verbindet-logo.svg\",\"width\":1094,\"height\":297,\"caption\":\"Sprache verbindet\"},\"image\":{\"@id\":\"https:\\\/\\\/www.sprache-verbindet.net\\\/#\\\/schema\\\/logo\\\/image\\\/\"}}]}<\/script>\n<!-- \/ Yoast SEO plugin. -->","yoast_head_json":{"title":"Impressum - La langue cr\u00e9e des liens","description":"Verantwortlich f\u00fcr die Inhalte dieser Website Rotary Club Iserlohn-Waldstadt Projekt \u201eSprache verbindet\u201c J\u00fcrgen Schwerter (Projektleiter) Stennerstra\u00dfe 4,","robots":{"index":"index","follow":"follow","max-snippet":"max-snippet:-1","max-image-preview":"max-image-preview:large","max-video-preview":"max-video-preview:-1"},"canonical":"https:\/\/www.sprache-verbindet.net\/fr\/impressum\/","og_locale":"fr_FR","og_type":"article","og_title":"Impressum - La langue cr\u00e9e des liens","og_description":"Verantwortlich f\u00fcr die Inhalte dieser Website Rotary Club Iserlohn-Waldstadt Projekt \u201eSprache verbindet\u201c J\u00fcrgen Schwerter (Projektleiter) Stennerstra\u00dfe 4,","og_url":"https:\/\/www.sprache-verbindet.net\/fr\/impressum\/","og_site_name":"La langue cr\u00e9e des liens","article_modified_time":"2023-08-29T13:47:52+00:00","og_image":[{"width":2400,"height":1851,"url":"https:\/\/www.sprache-verbindet.net\/wp-content\/uploads\/iStock-862689938_ausschnitt.jpg","type":"image\/jpeg"}],"twitter_card":"summary_large_image","schema":{"@context":"https:\/\/schema.org","@graph":[{"@type":"WebPage","@id":"https:\/\/www.sprache-verbindet.net\/fr\/impressum\/","url":"https:\/\/www.sprache-verbindet.net\/fr\/impressum\/","name":"Impressum - La langue cr\u00e9e des liens","isPartOf":{"@id":"https:\/\/www.sprache-verbindet.net\/#website"},"primaryImageOfPage":{"@id":"https:\/\/www.sprache-verbindet.net\/fr\/impressum\/#primaryimage"},"image":{"@id":"https:\/\/www.sprache-verbindet.net\/fr\/impressum\/#primaryimage"},"thumbnailUrl":"https:\/\/www.sprache-verbindet.net\/wp-content\/uploads\/iStock-862689938_ausschnitt.jpg","datePublished":"2022-09-15T09:21:27+00:00","dateModified":"2023-08-29T13:47:52+00:00","description":"Verantwortlich f\u00fcr die Inhalte dieser Website Rotary Club Iserlohn-Waldstadt Projekt \u201eSprache verbindet\u201c J\u00fcrgen Schwerter (Projektleiter) Stennerstra\u00dfe 4,","breadcrumb":{"@id":"https:\/\/www.sprache-verbindet.net\/fr\/impressum\/#breadcrumb"},"inLanguage":"fr-FR","potentialAction":[{"@type":"ReadAction","target":["https:\/\/www.sprache-verbindet.net\/fr\/impressum\/"]}]},{"@type":"ImageObject","inLanguage":"fr-FR","@id":"https:\/\/www.sprache-verbindet.net\/fr\/impressum\/#primaryimage","url":"https:\/\/www.sprache-verbindet.net\/wp-content\/uploads\/iStock-862689938_ausschnitt.jpg","contentUrl":"https:\/\/www.sprache-verbindet.net\/wp-content\/uploads\/iStock-862689938_ausschnitt.jpg","width":2400,"height":1851},{"@type":"BreadcrumbList","@id":"https:\/\/www.sprache-verbindet.net\/fr\/impressum\/#breadcrumb","itemListElement":[{"@type":"ListItem","position":1,"name":"Startseite","item":"https:\/\/www.sprache-verbindet.net\/fr\/"},{"@type":"ListItem","position":2,"name":"Impressum"}]},{"@type":"WebSite","@id":"https:\/\/www.sprache-verbindet.net\/#website","url":"https:\/\/www.sprache-verbindet.net\/","name":"La langue cr\u00e9e des liens","description":"","publisher":{"@id":"https:\/\/www.sprache-verbindet.net\/#organization"},"potentialAction":[{"@type":"SearchAction","target":{"@type":"EntryPoint","urlTemplate":"https:\/\/www.sprache-verbindet.net\/?s={search_term_string}"},"query-input":{"@type":"PropertyValueSpecification","valueRequired":true,"valueName":"search_term_string"}}],"inLanguage":"fr-FR"},{"@type":"Organization","@id":"https:\/\/www.sprache-verbindet.net\/#organization","name":"Sprache verbindet","url":"https:\/\/www.sprache-verbindet.net\/","logo":{"@type":"ImageObject","inLanguage":"fr-FR","@id":"https:\/\/www.sprache-verbindet.net\/#\/schema\/logo\/image\/","url":"https:\/\/www.sprache-verbindet.net\/wp-content\/uploads\/sprache-verbindet-logo.svg","contentUrl":"https:\/\/www.sprache-verbindet.net\/wp-content\/uploads\/sprache-verbindet-logo.svg","width":1094,"height":297,"caption":"Sprache verbindet"},"image":{"@id":"https:\/\/www.sprache-verbindet.net\/#\/schema\/logo\/image\/"}}]}},"_links":{"self":[{"href":"https:\/\/www.sprache-verbindet.net\/fr\/wp-json\/wp\/v2\/pages\/1603","targetHints":{"allow":["GET"]}}],"collection":[{"href":"https:\/\/www.sprache-verbindet.net\/fr\/wp-json\/wp\/v2\/pages"}],"about":[{"href":"https:\/\/www.sprache-verbindet.net\/fr\/wp-json\/wp\/v2\/types\/page"}],"author":[{"embeddable":true,"href":"https:\/\/www.sprache-verbindet.net\/fr\/wp-json\/wp\/v2\/users\/1"}],"replies":[{"embeddable":true,"href":"https:\/\/www.sprache-verbindet.net\/fr\/wp-json\/wp\/v2\/comments?post=1603"}],"version-history":[{"count":3,"href":"https:\/\/www.sprache-verbindet.net\/fr\/wp-json\/wp\/v2\/pages\/1603\/revisions"}],"predecessor-version":[{"id":2436,"href":"https:\/\/www.sprache-verbindet.net\/fr\/wp-json\/wp\/v2\/pages\/1603\/revisions\/2436"}],"wp:featuredmedia":[{"embeddable":true,"href":"https:\/\/www.sprache-verbindet.net\/fr\/wp-json\/wp\/v2\/media\/370"}],"wp:attachment":[{"href":"https:\/\/www.sprache-verbindet.net\/fr\/wp-json\/wp\/v2\/media?parent=1603"}],"curies":[{"name":"wp","href":"https:\/\/api.w.org\/{rel}","templated":true}]}}