{"id":1394,"date":"2022-09-12T09:59:42","date_gmt":"2022-09-12T07:59:42","guid":{"rendered":"https:\/\/www.sprache-verbindet.net\/startseite\/"},"modified":"2022-10-26T18:46:55","modified_gmt":"2022-10-26T16:46:55","slug":"startseite","status":"publish","type":"page","link":"https:\/\/www.sprache-verbindet.net\/ku\/","title":{"rendered":"Startseite"},"content":{"rendered":"<p><b>Dayik \u00fb bav\u00ean h\u00eaja,<\/b><\/p>\n<p>Ji bo ku mirov bikare him di dibistan\u00ea de him j\u00ee di j\u00eeyana p\u00ee\u015fey\u00ee de bi ser keve h\u00eenb\u00fbna ziman\u00ea alman\u00ee gir\u00eeng e. Em al\u00eekar\u00eeya zarok\u00ean malbat\u00ean ko\u00e7ber dikin da ku ziman\u00ee alman\u00ee h\u00een bin. Li vir ya giring ew e ku zarok\u00ean ku em p\u00ea eleqedar dibin div\u00ea ji h\u00eala malbat\u00ean wan ve j\u00ee bi l\u00eestikan werin pi\u015ftgir\u00eekirin.<\/p>\n<p>Piran\u00eeya h\u00eenker\u00ean me y\u00ean ziman ew kes in ku xwendekar\u00ean zan\u00eengeh\u00ea ne, ji h\u00eala p\u00ee\u015fey\u00ea ve hatine perwerdekirin an j\u00ee ji bo salek\u00ea li ser t\u00eakil\u00eeya civak\u00ee tev li kurs\u00ea b\u00fbne.<\/p>\n<p>Her yek ji wan heftey\u00ea carek\u00ea an j\u00ee du caran ji bo saetek\u00ea di\u00e7in serdana wan zarok\u00ean ku emr\u00ea wan di navbera 4 \u00fb 10 sal\u00ee de ne. Ew malzemey\u00ean ku li gor emr\u00ea wan in, bi xwe re t\u00eenin. H\u00eenb\u00fbna ziman\u00ea alman\u00ee bi tev\u00ee l\u00eestikan p\u00eak t\u00ea \u00fb gelek dilxwe\u015fker e.<\/p>\n<p>Xwendekar\u00ean ku wek\u00ee h\u00eenker\u00ean ziman dixebitin ji bo saetek\u00ea 10 Euro dist\u00eenin. H\u00eenker\u00ean ziman ku di zan\u00eengeh\u00ea de dixw\u00eenin, tev li perwerdeh\u00eey\u00ean p\u00ee\u015fey\u00ee dibin bi awayek\u00ee dilxwaz tev li \u00e7alak\u00eey\u00ean civak\u00ee \u00fb hwd. dibin ji bo saetek\u00ea 12 Euro dist\u00eenin. <b>Wek\u00ee d\u00ea \u00fb bav s\u00fbdewar\u00eeya we ev e: H\u00fbn ten\u00ea 4 Euro didin.<\/b> Klub\u00ean Rotary j\u00ee heq\u00ea may\u00een dide. Perwerdeh\u00eeya ziman li ser daxwaz\u00ea di dema daxwazkir\u00ee de dikare were bidaw\u00eean\u00een. Ji bo pirs \u00fb raman\u00ean malbat \u00fb h\u00eenker\u00ean ziman rayedarek heye ku her tim h\u00fbn dikarin bi h\u00easan\u00ee xwe bigih\u00eenin.<\/p>\n","protected":false},"excerpt":{"rendered":"<p>Dayik \u00fb bav\u00ean h\u00eaja, Ji bo ku mirov bikare him di dibistan\u00ea de him j\u00ee di j\u00eeyana p\u00ee\u015fey\u00ee de bi ser keve h\u00eenb\u00fbna ziman\u00ea alman\u00ee gir\u00eeng e. Em al\u00eekar\u00eeya zarok\u00ean [weiterlesen \u2026]<\/p>\n","protected":false},"author":1,"featured_media":0,"parent":0,"menu_order":0,"comment_status":"closed","ping_status":"open","template":"startseite.php","meta":{"_acf_changed":false,"inline_featured_image":false,"footnotes":""},"class_list":["post-1394","page","type-page","status-publish","hentry"],"acf":[],"yoast_head":"<!-- This site is optimized with the Yoast SEO plugin v27.5 - https:\/\/yoast.com\/product\/yoast-seo-wordpress\/ -->\n<title>Startseite - Ziman dike yek<\/title>\n<meta name=\"description\" content=\"Dayik \u00fb bav\u00ean h\u00eaja, Ji bo ku mirov bikare him di dibistan\u00ea de him j\u00ee di j\u00eeyana p\u00ee\u015fey\u00ee de bi ser keve h\u00eenb\u00fbna ziman\u00ea alman\u00ee gir\u00eeng e. Em al\u00eekar\u00eeya zarok\u00ean\" \/>\n<meta name=\"robots\" content=\"index, follow, max-snippet:-1, max-image-preview:large, max-video-preview:-1\" \/>\n<link rel=\"canonical\" href=\"https:\/\/www.sprache-verbindet.net\/ku\/\" \/>\n<meta property=\"og:locale\" content=\"en_US\" \/>\n<meta property=\"og:type\" content=\"article\" \/>\n<meta property=\"og:title\" content=\"Startseite - Ziman dike yek\" \/>\n<meta property=\"og:description\" content=\"Dayik \u00fb bav\u00ean h\u00eaja, Ji bo ku mirov bikare him di dibistan\u00ea de him j\u00ee di j\u00eeyana p\u00ee\u015fey\u00ee de bi ser keve h\u00eenb\u00fbna ziman\u00ea alman\u00ee gir\u00eeng e. Em al\u00eekar\u00eeya zarok\u00ean\" \/>\n<meta property=\"og:url\" content=\"https:\/\/www.sprache-verbindet.net\/ku\/\" \/>\n<meta property=\"og:site_name\" content=\"Ziman dike yek\" \/>\n<meta property=\"article:modified_time\" content=\"2022-10-26T16:46:55+00:00\" \/>\n<meta name=\"twitter:card\" content=\"summary_large_image\" \/>\n<script type=\"application\/ld+json\" class=\"yoast-schema-graph\">{\"@context\":\"https:\\\/\\\/schema.org\",\"@graph\":[{\"@type\":\"WebPage\",\"@id\":\"https:\\\/\\\/www.sprache-verbindet.net\\\/ku\\\/\",\"url\":\"https:\\\/\\\/www.sprache-verbindet.net\\\/ku\\\/\",\"name\":\"Startseite - Ziman dike yek\",\"isPartOf\":{\"@id\":\"https:\\\/\\\/www.sprache-verbindet.net\\\/#website\"},\"datePublished\":\"2022-09-12T07:59:42+00:00\",\"dateModified\":\"2022-10-26T16:46:55+00:00\",\"description\":\"Dayik \u00fb bav\u00ean h\u00eaja, Ji bo ku mirov bikare him di dibistan\u00ea de him j\u00ee di j\u00eeyana p\u00ee\u015fey\u00ee de bi ser keve h\u00eenb\u00fbna ziman\u00ea alman\u00ee gir\u00eeng e. Em al\u00eekar\u00eeya zarok\u00ean\",\"breadcrumb\":{\"@id\":\"https:\\\/\\\/www.sprache-verbindet.net\\\/ku\\\/#breadcrumb\"},\"inLanguage\":\"ckb\",\"potentialAction\":[{\"@type\":\"ReadAction\",\"target\":[\"https:\\\/\\\/www.sprache-verbindet.net\\\/ku\\\/\"]}]},{\"@type\":\"BreadcrumbList\",\"@id\":\"https:\\\/\\\/www.sprache-verbindet.net\\\/ku\\\/#breadcrumb\",\"itemListElement\":[{\"@type\":\"ListItem\",\"position\":1,\"name\":\"Startseite\",\"item\":\"https:\\\/\\\/www.sprache-verbindet.net\\\/ku\\\/\"},{\"@type\":\"ListItem\",\"position\":2,\"name\":\"Startseite\"}]},{\"@type\":\"WebSite\",\"@id\":\"https:\\\/\\\/www.sprache-verbindet.net\\\/#website\",\"url\":\"https:\\\/\\\/www.sprache-verbindet.net\\\/\",\"name\":\"Ziman dike yek\",\"description\":\"\",\"publisher\":{\"@id\":\"https:\\\/\\\/www.sprache-verbindet.net\\\/#organization\"},\"potentialAction\":[{\"@type\":\"SearchAction\",\"target\":{\"@type\":\"EntryPoint\",\"urlTemplate\":\"https:\\\/\\\/www.sprache-verbindet.net\\\/?s={search_term_string}\"},\"query-input\":{\"@type\":\"PropertyValueSpecification\",\"valueRequired\":true,\"valueName\":\"search_term_string\"}}],\"inLanguage\":\"ckb\"},{\"@type\":\"Organization\",\"@id\":\"https:\\\/\\\/www.sprache-verbindet.net\\\/#organization\",\"name\":\"Sprache verbindet\",\"url\":\"https:\\\/\\\/www.sprache-verbindet.net\\\/\",\"logo\":{\"@type\":\"ImageObject\",\"inLanguage\":\"ckb\",\"@id\":\"https:\\\/\\\/www.sprache-verbindet.net\\\/#\\\/schema\\\/logo\\\/image\\\/\",\"url\":\"https:\\\/\\\/www.sprache-verbindet.net\\\/wp-content\\\/uploads\\\/sprache-verbindet-logo.svg\",\"contentUrl\":\"https:\\\/\\\/www.sprache-verbindet.net\\\/wp-content\\\/uploads\\\/sprache-verbindet-logo.svg\",\"width\":1094,\"height\":297,\"caption\":\"Sprache verbindet\"},\"image\":{\"@id\":\"https:\\\/\\\/www.sprache-verbindet.net\\\/#\\\/schema\\\/logo\\\/image\\\/\"}}]}<\/script>\n<!-- \/ Yoast SEO plugin. -->","yoast_head_json":{"title":"Startseite - Ziman dike yek","description":"Dayik \u00fb bav\u00ean h\u00eaja, Ji bo ku mirov bikare him di dibistan\u00ea de him j\u00ee di j\u00eeyana p\u00ee\u015fey\u00ee de bi ser keve h\u00eenb\u00fbna ziman\u00ea alman\u00ee gir\u00eeng e. Em al\u00eekar\u00eeya zarok\u00ean","robots":{"index":"index","follow":"follow","max-snippet":"max-snippet:-1","max-image-preview":"max-image-preview:large","max-video-preview":"max-video-preview:-1"},"canonical":"https:\/\/www.sprache-verbindet.net\/ku\/","og_locale":"en_US","og_type":"article","og_title":"Startseite - Ziman dike yek","og_description":"Dayik \u00fb bav\u00ean h\u00eaja, Ji bo ku mirov bikare him di dibistan\u00ea de him j\u00ee di j\u00eeyana p\u00ee\u015fey\u00ee de bi ser keve h\u00eenb\u00fbna ziman\u00ea alman\u00ee gir\u00eeng e. Em al\u00eekar\u00eeya zarok\u00ean","og_url":"https:\/\/www.sprache-verbindet.net\/ku\/","og_site_name":"Ziman dike yek","article_modified_time":"2022-10-26T16:46:55+00:00","twitter_card":"summary_large_image","schema":{"@context":"https:\/\/schema.org","@graph":[{"@type":"WebPage","@id":"https:\/\/www.sprache-verbindet.net\/ku\/","url":"https:\/\/www.sprache-verbindet.net\/ku\/","name":"Startseite - Ziman dike yek","isPartOf":{"@id":"https:\/\/www.sprache-verbindet.net\/#website"},"datePublished":"2022-09-12T07:59:42+00:00","dateModified":"2022-10-26T16:46:55+00:00","description":"Dayik \u00fb bav\u00ean h\u00eaja, Ji bo ku mirov bikare him di dibistan\u00ea de him j\u00ee di j\u00eeyana p\u00ee\u015fey\u00ee de bi ser keve h\u00eenb\u00fbna ziman\u00ea alman\u00ee gir\u00eeng e. Em al\u00eekar\u00eeya zarok\u00ean","breadcrumb":{"@id":"https:\/\/www.sprache-verbindet.net\/ku\/#breadcrumb"},"inLanguage":"ckb","potentialAction":[{"@type":"ReadAction","target":["https:\/\/www.sprache-verbindet.net\/ku\/"]}]},{"@type":"BreadcrumbList","@id":"https:\/\/www.sprache-verbindet.net\/ku\/#breadcrumb","itemListElement":[{"@type":"ListItem","position":1,"name":"Startseite","item":"https:\/\/www.sprache-verbindet.net\/ku\/"},{"@type":"ListItem","position":2,"name":"Startseite"}]},{"@type":"WebSite","@id":"https:\/\/www.sprache-verbindet.net\/#website","url":"https:\/\/www.sprache-verbindet.net\/","name":"Ziman dike yek","description":"","publisher":{"@id":"https:\/\/www.sprache-verbindet.net\/#organization"},"potentialAction":[{"@type":"SearchAction","target":{"@type":"EntryPoint","urlTemplate":"https:\/\/www.sprache-verbindet.net\/?s={search_term_string}"},"query-input":{"@type":"PropertyValueSpecification","valueRequired":true,"valueName":"search_term_string"}}],"inLanguage":"ckb"},{"@type":"Organization","@id":"https:\/\/www.sprache-verbindet.net\/#organization","name":"Sprache verbindet","url":"https:\/\/www.sprache-verbindet.net\/","logo":{"@type":"ImageObject","inLanguage":"ckb","@id":"https:\/\/www.sprache-verbindet.net\/#\/schema\/logo\/image\/","url":"https:\/\/www.sprache-verbindet.net\/wp-content\/uploads\/sprache-verbindet-logo.svg","contentUrl":"https:\/\/www.sprache-verbindet.net\/wp-content\/uploads\/sprache-verbindet-logo.svg","width":1094,"height":297,"caption":"Sprache verbindet"},"image":{"@id":"https:\/\/www.sprache-verbindet.net\/#\/schema\/logo\/image\/"}}]}},"_links":{"self":[{"href":"https:\/\/www.sprache-verbindet.net\/ku\/wp-json\/wp\/v2\/pages\/1394","targetHints":{"allow":["GET"]}}],"collection":[{"href":"https:\/\/www.sprache-verbindet.net\/ku\/wp-json\/wp\/v2\/pages"}],"about":[{"href":"https:\/\/www.sprache-verbindet.net\/ku\/wp-json\/wp\/v2\/types\/page"}],"author":[{"embeddable":true,"href":"https:\/\/www.sprache-verbindet.net\/ku\/wp-json\/wp\/v2\/users\/1"}],"replies":[{"embeddable":true,"href":"https:\/\/www.sprache-verbindet.net\/ku\/wp-json\/wp\/v2\/comments?post=1394"}],"version-history":[{"count":4,"href":"https:\/\/www.sprache-verbindet.net\/ku\/wp-json\/wp\/v2\/pages\/1394\/revisions"}],"predecessor-version":[{"id":1638,"href":"https:\/\/www.sprache-verbindet.net\/ku\/wp-json\/wp\/v2\/pages\/1394\/revisions\/1638"}],"wp:attachment":[{"href":"https:\/\/www.sprache-verbindet.net\/ku\/wp-json\/wp\/v2\/media?parent=1394"}],"curies":[{"name":"wp","href":"https:\/\/api.w.org\/{rel}","templated":true}]}}