{"id":1624,"date":"2022-09-12T09:59:42","date_gmt":"2022-09-12T07:59:42","guid":{"rendered":"https:\/\/www.sprache-verbindet.net\/datenschutzerklaerung\/"},"modified":"2023-03-21T20:40:23","modified_gmt":"2023-03-21T19:40:23","slug":"datenschutzerklaerung","status":"publish","type":"page","link":"https:\/\/www.sprache-verbindet.net\/ku\/datenschutzerklaerung\/","title":{"rendered":"Datenschutzerkl\u00e4rung"},"content":{"rendered":"<p class=\"page-title\"><span style=\"font-size: 16px;\">Die Nutzung unserer Seite ist ohne eine Angabe von personenbezogenen Daten m\u00f6glich. F\u00fcr die Nutzung einzelner Services unserer Seite k\u00f6nnen sich hierf\u00fcr abweichende Regelungen ergeben, die in diesem Falle nachstehend gesondert erl\u00e4utert werden. Ihre personenbezogenen Daten (z.B. Name, Anschrift, E-Mail, Telefonnummer, u.\u00e4.) werden von uns nur gem\u00e4\u00df den Bestimmungen des deutschen Datenschutzrechts verarbeitet. Daten sind dann personenbezogen, wenn sie eindeutig einer bestimmten nat\u00fcrlichen Person zugeordnet werden k\u00f6nnen. Die rechtlichen Grundlagen des Datenschutzes finden Sie im Bundesdatenschutzgesetz (BDSG) und dem Telemediengesetz (TMG). Nachstehende Regelungen informieren Sie insoweit \u00fcber die Art, den Umfang und Zweck der Erhebung, die Nutzung und die Verarbeitung von personenbezogenen Daten durch den Anbieter<\/span><\/p>\n<article id=\"post-580\" class=\"cf post-580 page type-page status-publish hentry\" role=\"article\">\n<section class=\"entry-content cf\"><strong>Projekt \u201eSprache verbindet\u201c<\/strong><\/p>\n<p>J\u00fcrgen Schwerter (Projektleiter)<br \/>\nChristina Beck (Projektb\u00fcro)<br \/>\nStennerstra\u00dfe 4, 58636 Iserlohn<br \/>\nTel.: 02371 83 72 06<br \/>\nDi. + Do. von 13:30 \u2013 16:30 Uhr<br \/>\nE-Mail:\u00a0<a href=\"ma&#105;&#108;&#x74;&#x6f;&#x3a;&#x73;ch&#119;&#101;&#x72;&#x74;&#x65;&#x72;&#64;j&#117;&#101;&#114;&#x67;&#x65;&#x6e;&#x2d;sc&#104;&#119;&#x65;&#x72;&#x74;&#x65;r&#46;&#100;&#101;\">sc&#104;&#119;&#101;&#x72;&#x74;&#x65;&#x72;&#64;j&#117;&#101;&#114;&#x67;&#x65;&#x6e;&#x2d;sc&#104;&#119;&#101;&#x72;&#x74;&#x65;&#x72;&#46;d&#101;<\/a><\/p>\n<p>Wir weisen darauf hin, dass die internetbasierte Daten\u00fcbertragung Sicherheitsl\u00fccken aufweist, ein l\u00fcckenloser Schutz vor Zugriffen durch Dritte somit unm\u00f6glich ist.<\/p>\n<h4>Cookies<\/h4>\n<p>Wir verwenden auf unserer Seite sog. Cookies zum Wiedererkennen mehrfacher Nutzung unseres Angebots, durch denselben Nutzer\/Internetanschlussinhaber. Cookies sind kleine Textdateien, die Ihr Internet-Browser auf Ihrem Rechner ablegt und speichert. Sie dienen dazu, unseren Internetauftritt und unsere Angebote zu optimieren. Es handelt sich dabei zumeist um sog. \u201eSession-Cookies\u201c, die nach dem Ende Ihres Besuches wieder gel\u00f6scht werden.<br \/>\nTeilweise geben diese Cookies jedoch Informationen ab, um Sie automatisch wieder zu erkennen. Diese Wiedererkennung erfolgt aufgrund der in den Cookies gespeicherten IP-Adresse. Die so erlangten Informationen dienen dazu, unsere Angebote zu optimieren und Ihnen einen leichteren Zugang auf unsere Seite zu erm\u00f6glichen.<br \/>\nSie k\u00f6nnen die Installation der Cookies durch eine entsprechende Einstellung Ihres Browsers verhindern; wir weisen Sie jedoch darauf hin, dass Sie in diesem Fall gegebenenfalls nicht s\u00e4mtliche Funktionen unserer Website vollumf\u00e4nglich nutzen k\u00f6nnen.<\/p>\n<h4>Serverdaten<\/h4>\n<p>Aus technischen Gr\u00fcnden werden u.a. folgende Daten, die Ihr Internet-Browser an uns bzw. an unseren Webspace-Provider \u00fcbermittelt, erfasst (sogenannte Serverlogfiles):<\/p>\n<p>\u2013 Browsertyp und -version<br \/>\n\u2013 verwendetes Betriebssystem<br \/>\n\u2013 Webseite, von der aus Sie uns besuchen (Referrer URL)<br \/>\n\u2013 Webseite, die Sie besuchen<br \/>\n\u2013 Datum und Uhrzeit Ihres Zugriffs<\/p>\n<p>Diese anonymen Daten werden getrennt von Ihren eventuell angegebenen personenbezogenen Daten gespeichert und lassen so keine R\u00fcckschl\u00fcsse auf eine bestimmte Person zu. Sie werden zu statistischen Zwecken ausgewertet, um unseren Internetauftritt und unsere Angebote optimieren zu k\u00f6nnen.<\/p>\n<h4>Anmeldeformulare<\/h4>\n<p>Die im Zuge der Anmeldeformulare eingegebenen Daten, die aus der Eingabemaske der Anmeldeformulare ersichtlich sind<\/p>\n<hr \/>\n<p><strong>Anmeldeformular f\u00fcr Kinder:<br \/>\n<\/strong>Daten des Kindes:<br \/>\n<label>Auswahl der Stadt\/Region,\u00a0<\/label>Name, Vorname, Geschlecht, Geburtstag, Geburtstort\/Land, Stra\u00dfe Nr., PLZ, Wohnort, Telefon\/Mobil,\u00a0Sprache\/Nationalit\u00e4t,\u00a0Schule und Klasse\/Kindergarten,\u00a0Lehrer\/-in oder Erzieher\/-in,\u00a0weiblichen oder m\u00e4nnlichen Scout<\/p>\n<p>Daten der Eltern:<br \/>\nAnrede, Name, Vorname, Geburtstag, Geburtstort,\u00a0Telefon\/Mobil, E-Mail<\/p>\n<p class=\"page-title\"><strong>Anmeldeformular f\u00fcr Scouts:<br \/>\n<\/strong><label><label>Auswahl der Stadt\/Region,\u00a0<\/label>Name,\u00a0<\/label><label>Vorname,\u00a0<\/label><label>Geschlecht,\u00a0<\/label><label>Stra\u00dfe,\u00a0<\/label><label>PLZ,\u00a0<\/label><label>Wohnort,\u00a0<\/label><label>Geburtstag\u00a0<\/label><label>Telefon\/Mobil\u00a0<\/label><label>E-Mail*,\u00a0<\/label><label>Schule\/Stufe,\u00a0<\/label><label><label>Sprachkenntnisse,\u00a0Wie sind Sie auf \u201eSprache verbindet\u201c aufmerksam geworden?, A<\/label><\/label>nzahl Stunden pro Woche<\/p>\n<p class=\"page-title\"><strong>Anmeldeformular f\u00fcr Paten:<br \/>\n<\/strong><label>Auswahl der Stadt\/Region, Anrede,\u00a0<\/label><label>Name,\u00a0<\/label><label>Vorname,\u00a0<\/label><label>Stra\u00dfe,\u00a0<\/label><label>PLZ,\u00a0<\/label><label>Wohnort,\u00a0<\/label><label>Geburtstag<br \/>\n<\/label><label>Telefon\/Mobil,\u00a0<\/label><label>E-Mail,\u00a0<\/label><label>Mitglied im Rotary-Club,\u00a0<\/label><label>Sprachkenntnisse,\u00a0Wie sind Sie auf \u201eSprache verbindet\u201c aufmerksam geworden?<\/label><\/p>\n<hr \/>\n<p class=\"page-title\">werden ausschlie\u00dflich f\u00fcr die Verwendung unseres Angebots erhoben und gespeichert. Mit Ihrer Registrierung auf unserer Seite werden wir zudem Ihre IP-Adresse und das Datum sowie die Uhrzeit Ihrer Registrierung speichern. Dies dient in dem Fall, dass ein Dritter Ihre Daten missbraucht und sich mit diesen Daten ohne Ihr Wissen auf unserer Seite registriert, als Absicherung unsererseits.\u00a0 Eine Weitergabe an Dritte erfolgt nicht. Ein Abgleich der so erhobenen Daten mit Daten, die m\u00f6glicherweise durch andere Komponenten unserer Seite erhoben werden, erfolgt ebenfalls nicht.<\/p>\n<h4>Kontaktm\u00f6glichkeit<\/h4>\n<p>Wir bieten Ihnen auf unserer Seite die M\u00f6glichkeit, mit uns per E-Mail und\/oder \u00fcber ein Kontaktformular in Verbindung zu treten. In diesem Fall werden die vom Nutzer gemachten Angaben zum Zwecke der Bearbeitung seiner Kontaktaufnahme gespeichert. Eine Weitergabe an Dritte erfolgt nicht. Ein Abgleich der so erhobenen Daten mit Daten, die m\u00f6glicherweise durch andere Komponenten unserer Seite erhoben werden, erfolgt ebenfalls nicht.<\/p>\n<h4>Einsatz von YouTube-Komponenten mit erweitertem Datenschutzmodus<\/h4>\n<p>Auf unserer Webseite setzen wir Komponenten (Videos) des Unternehmens YouTube, LLC 901 Cherry Ave., 94066 San Bruno, CA, USA, einem Unternehmen der Google Inc., Amphitheatre Parkway, Mountain View, CA 94043, USA, ein.<\/p>\n<p>Hierbei nutzen wir die von YouTube zur Verf\u00fcgung gestellte Option \u201e- erweiterter Datenschutzmodus -\u201c.<\/p>\n<p>Wenn Sie eine Seite aufrufen, die \u00fcber ein eingebettetes Video verf\u00fcgt, wird eine Verbindung zu den YouTube-Servern hergestellt und dabei der Inhalt durch Mitteilung an Ihren Browser auf der Internetseite dargestellt.<\/p>\n<p>Laut den Angaben von YouTube werden im \u201e- erweiterter Datenschutzmodus -\u201c nur Daten an den YouTube-Server \u00fcbermittelt, insbesondere welche unserer Internetseiten Sie besucht haben, wenn Sie das Video anschauen. Sind Sie gleichzeitig bei YouTube eingeloggt, werden diese Informationen Ihrem Mitgliedskonto bei YouTube zugeordnet. Dies k\u00f6nnen Sie verhindern, indem Sie sich vor dem Besuch unserer Website von Ihrem Mitgliedskonto abmelden.<\/p>\n<p>Weitere Informationen zum Datenschutz von YouTube werden von Google unter dem folgenden Link bereitgestellt:<\/p>\n<p><a href=\"https:\/\/www.google.de\/intl\/de\/policies\/privacy\/\" target=\"_blank\" rel=\"nofollow noopener\">https:\/\/www.google.de\/intl\/de\/policies\/privacy\/<\/a><\/p>\n<h3>Auskunft\/Widerruf\/L\u00f6schung<\/h3>\n<p>Sie k\u00f6nnen sich aufgrund des Bundesdatenschutzgesetzes bei Fragen zur Erhebung, Verarbeitung oder Nutzung Ihrer personenbezogenen Daten und deren Berichtigung, Sperrung, L\u00f6schung oder einem Widerruf einer erteilten Einwilligung unentgeltlich an uns wenden. Wir weisen darauf hin, dass Ihnen ein Recht auf Berichtigung falscher Daten oder L\u00f6schung personenbezogener Daten zusteht, sollte diesem Anspruch keine gesetzliche Aufbewahrungspflicht entgegenstehen.<\/p>\n<p><a href=\"https:\/\/www.ratgeberrecht.eu\/leistungen\/muster-datenschutzerklaerung.html\" target=\"_blank\" rel=\"noopener\">Muster-Datenschutzerkl\u00e4rung<\/a>\u00a0der\u00a0<a href=\"https:\/\/www.ratgeberrecht.eu\/\" target=\"_blank\" rel=\"noopener\">Anwaltskanzlei Wei\u00df &amp; Partner<\/a><\/p>\n<\/section>\n<\/article>\n","protected":false},"excerpt":{"rendered":"<p>Die Nutzung unserer Seite ist ohne eine Angabe von personenbezogenen Daten m\u00f6glich. F\u00fcr die Nutzung einzelner Services unserer Seite k\u00f6nnen sich hierf\u00fcr abweichende Regelungen ergeben, die in diesem Falle nachstehend [weiterlesen \u2026]<\/p>\n","protected":false},"author":1,"featured_media":317,"parent":0,"menu_order":0,"comment_status":"closed","ping_status":"closed","template":"","meta":{"_acf_changed":false,"inline_featured_image":false,"footnotes":""},"class_list":["post-1624","page","type-page","status-publish","has-post-thumbnail","hentry"],"acf":[],"yoast_head":"<!-- This site is optimized with the Yoast SEO plugin v27.3 - https:\/\/yoast.com\/product\/yoast-seo-wordpress\/ -->\n<title>Datenschutzerkl\u00e4rung - Ziman dike yek<\/title>\n<meta name=\"description\" content=\"Die Nutzung unserer Seite ist ohne eine Angabe von personenbezogenen Daten m\u00f6glich. F\u00fcr die Nutzung einzelner Services unserer Seite k\u00f6nnen sich hierf\u00fcr\" \/>\n<meta name=\"robots\" content=\"index, follow, max-snippet:-1, max-image-preview:large, max-video-preview:-1\" \/>\n<link rel=\"canonical\" href=\"https:\/\/www.sprache-verbindet.net\/ku\/datenschutzerklaerung\/\" \/>\n<meta property=\"og:locale\" content=\"en_US\" \/>\n<meta property=\"og:type\" content=\"article\" \/>\n<meta property=\"og:title\" content=\"Datenschutzerkl\u00e4rung - Ziman dike yek\" \/>\n<meta property=\"og:description\" content=\"Die Nutzung unserer Seite ist ohne eine Angabe von personenbezogenen Daten m\u00f6glich. F\u00fcr die Nutzung einzelner Services unserer Seite k\u00f6nnen sich hierf\u00fcr\" \/>\n<meta property=\"og:url\" content=\"https:\/\/www.sprache-verbindet.net\/ku\/datenschutzerklaerung\/\" \/>\n<meta property=\"og:site_name\" content=\"Ziman dike yek\" \/>\n<meta property=\"article:modified_time\" content=\"2023-03-21T19:40:23+00:00\" \/>\n<meta property=\"og:image\" content=\"https:\/\/www.sprache-verbindet.net\/wp-content\/uploads\/Leadmotiv-Kinder-1.jpg\" \/>\n\t<meta property=\"og:image:width\" content=\"1922\" \/>\n\t<meta property=\"og:image:height\" content=\"938\" \/>\n\t<meta property=\"og:image:type\" content=\"image\/jpeg\" \/>\n<meta name=\"twitter:card\" content=\"summary_large_image\" \/>\n<script type=\"application\/ld+json\" class=\"yoast-schema-graph\">{\"@context\":\"https:\\\/\\\/schema.org\",\"@graph\":[{\"@type\":\"WebPage\",\"@id\":\"https:\\\/\\\/www.sprache-verbindet.net\\\/ku\\\/datenschutzerklaerung\\\/\",\"url\":\"https:\\\/\\\/www.sprache-verbindet.net\\\/ku\\\/datenschutzerklaerung\\\/\",\"name\":\"Datenschutzerkl\u00e4rung - Ziman dike yek\",\"isPartOf\":{\"@id\":\"https:\\\/\\\/www.sprache-verbindet.net\\\/#website\"},\"primaryImageOfPage\":{\"@id\":\"https:\\\/\\\/www.sprache-verbindet.net\\\/ku\\\/datenschutzerklaerung\\\/#primaryimage\"},\"image\":{\"@id\":\"https:\\\/\\\/www.sprache-verbindet.net\\\/ku\\\/datenschutzerklaerung\\\/#primaryimage\"},\"thumbnailUrl\":\"https:\\\/\\\/www.sprache-verbindet.net\\\/wp-content\\\/uploads\\\/Leadmotiv-Kinder-1.jpg\",\"datePublished\":\"2022-09-12T07:59:42+00:00\",\"dateModified\":\"2023-03-21T19:40:23+00:00\",\"description\":\"Die Nutzung unserer Seite ist ohne eine Angabe von personenbezogenen Daten m\u00f6glich. F\u00fcr die Nutzung einzelner Services unserer Seite k\u00f6nnen sich hierf\u00fcr\",\"breadcrumb\":{\"@id\":\"https:\\\/\\\/www.sprache-verbindet.net\\\/ku\\\/datenschutzerklaerung\\\/#breadcrumb\"},\"inLanguage\":\"ckb\",\"potentialAction\":[{\"@type\":\"ReadAction\",\"target\":[\"https:\\\/\\\/www.sprache-verbindet.net\\\/ku\\\/datenschutzerklaerung\\\/\"]}]},{\"@type\":\"ImageObject\",\"inLanguage\":\"ckb\",\"@id\":\"https:\\\/\\\/www.sprache-verbindet.net\\\/ku\\\/datenschutzerklaerung\\\/#primaryimage\",\"url\":\"https:\\\/\\\/www.sprache-verbindet.net\\\/wp-content\\\/uploads\\\/Leadmotiv-Kinder-1.jpg\",\"contentUrl\":\"https:\\\/\\\/www.sprache-verbindet.net\\\/wp-content\\\/uploads\\\/Leadmotiv-Kinder-1.jpg\",\"width\":2400,\"height\":1242,\"caption\":\"Foto: iStock\\\/svetikd\"},{\"@type\":\"BreadcrumbList\",\"@id\":\"https:\\\/\\\/www.sprache-verbindet.net\\\/ku\\\/datenschutzerklaerung\\\/#breadcrumb\",\"itemListElement\":[{\"@type\":\"ListItem\",\"position\":1,\"name\":\"Startseite\",\"item\":\"https:\\\/\\\/www.sprache-verbindet.net\\\/ku\\\/\"},{\"@type\":\"ListItem\",\"position\":2,\"name\":\"Datenschutzerkl\u00e4rung\"}]},{\"@type\":\"WebSite\",\"@id\":\"https:\\\/\\\/www.sprache-verbindet.net\\\/#website\",\"url\":\"https:\\\/\\\/www.sprache-verbindet.net\\\/\",\"name\":\"Ziman dike yek\",\"description\":\"\",\"publisher\":{\"@id\":\"https:\\\/\\\/www.sprache-verbindet.net\\\/#organization\"},\"potentialAction\":[{\"@type\":\"SearchAction\",\"target\":{\"@type\":\"EntryPoint\",\"urlTemplate\":\"https:\\\/\\\/www.sprache-verbindet.net\\\/?s={search_term_string}\"},\"query-input\":{\"@type\":\"PropertyValueSpecification\",\"valueRequired\":true,\"valueName\":\"search_term_string\"}}],\"inLanguage\":\"ckb\"},{\"@type\":\"Organization\",\"@id\":\"https:\\\/\\\/www.sprache-verbindet.net\\\/#organization\",\"name\":\"Sprache verbindet\",\"url\":\"https:\\\/\\\/www.sprache-verbindet.net\\\/\",\"logo\":{\"@type\":\"ImageObject\",\"inLanguage\":\"ckb\",\"@id\":\"https:\\\/\\\/www.sprache-verbindet.net\\\/#\\\/schema\\\/logo\\\/image\\\/\",\"url\":\"https:\\\/\\\/www.sprache-verbindet.net\\\/wp-content\\\/uploads\\\/sprache-verbindet-logo.svg\",\"contentUrl\":\"https:\\\/\\\/www.sprache-verbindet.net\\\/wp-content\\\/uploads\\\/sprache-verbindet-logo.svg\",\"width\":1094,\"height\":297,\"caption\":\"Sprache verbindet\"},\"image\":{\"@id\":\"https:\\\/\\\/www.sprache-verbindet.net\\\/#\\\/schema\\\/logo\\\/image\\\/\"}}]}<\/script>\n<!-- \/ Yoast SEO plugin. -->","yoast_head_json":{"title":"Datenschutzerkl\u00e4rung - Ziman dike yek","description":"Die Nutzung unserer Seite ist ohne eine Angabe von personenbezogenen Daten m\u00f6glich. F\u00fcr die Nutzung einzelner Services unserer Seite k\u00f6nnen sich hierf\u00fcr","robots":{"index":"index","follow":"follow","max-snippet":"max-snippet:-1","max-image-preview":"max-image-preview:large","max-video-preview":"max-video-preview:-1"},"canonical":"https:\/\/www.sprache-verbindet.net\/ku\/datenschutzerklaerung\/","og_locale":"en_US","og_type":"article","og_title":"Datenschutzerkl\u00e4rung - Ziman dike yek","og_description":"Die Nutzung unserer Seite ist ohne eine Angabe von personenbezogenen Daten m\u00f6glich. F\u00fcr die Nutzung einzelner Services unserer Seite k\u00f6nnen sich hierf\u00fcr","og_url":"https:\/\/www.sprache-verbindet.net\/ku\/datenschutzerklaerung\/","og_site_name":"Ziman dike yek","article_modified_time":"2023-03-21T19:40:23+00:00","og_image":[{"width":1922,"height":938,"url":"https:\/\/www.sprache-verbindet.net\/wp-content\/uploads\/Leadmotiv-Kinder-1.jpg","type":"image\/jpeg"}],"twitter_card":"summary_large_image","schema":{"@context":"https:\/\/schema.org","@graph":[{"@type":"WebPage","@id":"https:\/\/www.sprache-verbindet.net\/ku\/datenschutzerklaerung\/","url":"https:\/\/www.sprache-verbindet.net\/ku\/datenschutzerklaerung\/","name":"Datenschutzerkl\u00e4rung - Ziman dike yek","isPartOf":{"@id":"https:\/\/www.sprache-verbindet.net\/#website"},"primaryImageOfPage":{"@id":"https:\/\/www.sprache-verbindet.net\/ku\/datenschutzerklaerung\/#primaryimage"},"image":{"@id":"https:\/\/www.sprache-verbindet.net\/ku\/datenschutzerklaerung\/#primaryimage"},"thumbnailUrl":"https:\/\/www.sprache-verbindet.net\/wp-content\/uploads\/Leadmotiv-Kinder-1.jpg","datePublished":"2022-09-12T07:59:42+00:00","dateModified":"2023-03-21T19:40:23+00:00","description":"Die Nutzung unserer Seite ist ohne eine Angabe von personenbezogenen Daten m\u00f6glich. F\u00fcr die Nutzung einzelner Services unserer Seite k\u00f6nnen sich hierf\u00fcr","breadcrumb":{"@id":"https:\/\/www.sprache-verbindet.net\/ku\/datenschutzerklaerung\/#breadcrumb"},"inLanguage":"ckb","potentialAction":[{"@type":"ReadAction","target":["https:\/\/www.sprache-verbindet.net\/ku\/datenschutzerklaerung\/"]}]},{"@type":"ImageObject","inLanguage":"ckb","@id":"https:\/\/www.sprache-verbindet.net\/ku\/datenschutzerklaerung\/#primaryimage","url":"https:\/\/www.sprache-verbindet.net\/wp-content\/uploads\/Leadmotiv-Kinder-1.jpg","contentUrl":"https:\/\/www.sprache-verbindet.net\/wp-content\/uploads\/Leadmotiv-Kinder-1.jpg","width":2400,"height":1242,"caption":"Foto: iStock\/svetikd"},{"@type":"BreadcrumbList","@id":"https:\/\/www.sprache-verbindet.net\/ku\/datenschutzerklaerung\/#breadcrumb","itemListElement":[{"@type":"ListItem","position":1,"name":"Startseite","item":"https:\/\/www.sprache-verbindet.net\/ku\/"},{"@type":"ListItem","position":2,"name":"Datenschutzerkl\u00e4rung"}]},{"@type":"WebSite","@id":"https:\/\/www.sprache-verbindet.net\/#website","url":"https:\/\/www.sprache-verbindet.net\/","name":"Ziman dike yek","description":"","publisher":{"@id":"https:\/\/www.sprache-verbindet.net\/#organization"},"potentialAction":[{"@type":"SearchAction","target":{"@type":"EntryPoint","urlTemplate":"https:\/\/www.sprache-verbindet.net\/?s={search_term_string}"},"query-input":{"@type":"PropertyValueSpecification","valueRequired":true,"valueName":"search_term_string"}}],"inLanguage":"ckb"},{"@type":"Organization","@id":"https:\/\/www.sprache-verbindet.net\/#organization","name":"Sprache verbindet","url":"https:\/\/www.sprache-verbindet.net\/","logo":{"@type":"ImageObject","inLanguage":"ckb","@id":"https:\/\/www.sprache-verbindet.net\/#\/schema\/logo\/image\/","url":"https:\/\/www.sprache-verbindet.net\/wp-content\/uploads\/sprache-verbindet-logo.svg","contentUrl":"https:\/\/www.sprache-verbindet.net\/wp-content\/uploads\/sprache-verbindet-logo.svg","width":1094,"height":297,"caption":"Sprache verbindet"},"image":{"@id":"https:\/\/www.sprache-verbindet.net\/#\/schema\/logo\/image\/"}}]}},"_links":{"self":[{"href":"https:\/\/www.sprache-verbindet.net\/ku\/wp-json\/wp\/v2\/pages\/1624","targetHints":{"allow":["GET"]}}],"collection":[{"href":"https:\/\/www.sprache-verbindet.net\/ku\/wp-json\/wp\/v2\/pages"}],"about":[{"href":"https:\/\/www.sprache-verbindet.net\/ku\/wp-json\/wp\/v2\/types\/page"}],"author":[{"embeddable":true,"href":"https:\/\/www.sprache-verbindet.net\/ku\/wp-json\/wp\/v2\/users\/1"}],"replies":[{"embeddable":true,"href":"https:\/\/www.sprache-verbindet.net\/ku\/wp-json\/wp\/v2\/comments?post=1624"}],"version-history":[{"count":3,"href":"https:\/\/www.sprache-verbindet.net\/ku\/wp-json\/wp\/v2\/pages\/1624\/revisions"}],"predecessor-version":[{"id":2345,"href":"https:\/\/www.sprache-verbindet.net\/ku\/wp-json\/wp\/v2\/pages\/1624\/revisions\/2345"}],"wp:featuredmedia":[{"embeddable":true,"href":"https:\/\/www.sprache-verbindet.net\/ku\/wp-json\/wp\/v2\/media\/317"}],"wp:attachment":[{"href":"https:\/\/www.sprache-verbindet.net\/ku\/wp-json\/wp\/v2\/media?parent=1624"}],"curies":[{"name":"wp","href":"https:\/\/api.w.org\/{rel}","templated":true}]}}