{"id":1396,"date":"2022-09-12T09:59:42","date_gmt":"2022-09-12T07:59:42","guid":{"rendered":"https:\/\/www.sprache-verbindet.net\/startseite\/"},"modified":"2022-10-26T18:47:44","modified_gmt":"2022-10-26T16:47:44","slug":"startseite","status":"publish","type":"page","link":"https:\/\/www.sprache-verbindet.net\/pl\/","title":{"rendered":"Startseite"},"content":{"rendered":"<p><b>Drodzy Rodzice,<\/b><\/p>\n<p>Istotnym warunkiem sukcesu w szkole i zawodzie jest dobra znajomo\u015b\u0107 j\u0119zyka niemieckiego. Pomagamy dzieciom z rodzin emigracyjnych w nauce j\u0119zyka niemieckiego. Szczeg\u00f3lnie wyj\u0105tkowe w tym wypadku jest, i\u017c nauka j\u0119zyka odbywa si\u0119 w spos\u00f3b zabawny i w rodzinnym otoczeniu dzieci.<\/p>\n<p>Nasi Scouci j\u0119zykowi s\u0105 najcz\u0119\u015bciej starszymi uczniami wy\u017cszych szk\u00f3\u0142 lub studentami lub osobami przygotowuj\u0105cymi si\u0119 do zawodu itp. Wszyscy Scouci j\u0119zykowi zostali przeszkoleni przez do\u015bwiadczonych pedagog\u00f3w. Zaj\u0119cia z dzie\u0107mi w wieku od 4 do 10 lat s\u0105 przeprowadzane raz do dw\u00f3ch razy w tygodniu. Zaj\u0119cia odbywaj\u0105 si\u0119 w domu rodzinnym dziecka przez godzin\u0119. Scouci j\u0119zykowi przynosz\u0105 ze sob\u0105 wszystkie potrzebne materia\u0142y do pracy dopasowane indywidualnie do wieku dziecka. Podczas zabawy nauka j\u0119zyka obcego sprawia dzieciom du\u017co przyjemno\u015bci i jest o wiele \u0142atwiej przyswajalna.<\/p>\n<p>Uczniowie, kt\u00f3rzy zatrudnieni s\u0105 jako Scout j\u0119zykowy, otrzymuj\u0105 10 \u20ac za godzin\u0119. Scouci j\u0119zykowi, kt\u00f3rzy studiuj\u0105 lub przygotowuj\u0105 si\u0119 do zawodu, otrzymuj\u0105 12 \u20ac za godzin\u0119. <b>Przywilejem dla rodzic\u00f3w jest, i\u017c p\u0142ac\u0105 tylko 4 \u20ac.<\/b> R\u00f3\u017cnic\u0119 pokrywa dotacja z Rotary Clubs. Nauka j\u0119zyka mo\u017ce zosta\u0107 w ka\u017cdej chwili przerwana na \u017cyczenie rodzic\u00f3w. Na wszelkie pytania rodziny dziecka, jak r\u00f3wnie\u017c Scouta j\u0119zykowego, odpowiada zaanga\u017cowany(-a) opiekun\/opiekunka.<\/p>\n","protected":false},"excerpt":{"rendered":"<p>Drodzy Rodzice, Istotnym warunkiem sukcesu w szkole i zawodzie jest dobra znajomo\u015b\u0107 j\u0119zyka niemieckiego. Pomagamy dzieciom z rodzin emigracyjnych w nauce j\u0119zyka niemieckiego. Szczeg\u00f3lnie wyj\u0105tkowe w tym wypadku jest, i\u017c [weiterlesen \u2026]<\/p>\n","protected":false},"author":1,"featured_media":0,"parent":0,"menu_order":0,"comment_status":"closed","ping_status":"open","template":"startseite.php","meta":{"_acf_changed":false,"inline_featured_image":false,"footnotes":""},"class_list":["post-1396","page","type-page","status-publish","hentry"],"acf":[],"yoast_head":"<!-- This site is optimized with the Yoast SEO plugin v27.1.1 - https:\/\/yoast.com\/product\/yoast-seo-wordpress\/ -->\n<title>Startseite - Wsp\u00f3lna mowa \u0142\u0105czy<\/title>\n<meta name=\"description\" content=\"Drodzy Rodzice, Istotnym warunkiem sukcesu w szkole i zawodzie jest dobra znajomo\u015b\u0107 j\u0119zyka niemieckiego. Pomagamy dzieciom z rodzin emigracyjnych w nauce\" \/>\n<meta name=\"robots\" content=\"index, follow, max-snippet:-1, max-image-preview:large, max-video-preview:-1\" \/>\n<link rel=\"canonical\" href=\"https:\/\/www.sprache-verbindet.net\/pl\/\" \/>\n<meta property=\"og:locale\" content=\"pl_PL\" \/>\n<meta property=\"og:type\" content=\"article\" \/>\n<meta property=\"og:title\" content=\"Startseite - Wsp\u00f3lna mowa \u0142\u0105czy\" \/>\n<meta property=\"og:description\" content=\"Drodzy Rodzice, Istotnym warunkiem sukcesu w szkole i zawodzie jest dobra znajomo\u015b\u0107 j\u0119zyka niemieckiego. Pomagamy dzieciom z rodzin emigracyjnych w nauce\" \/>\n<meta property=\"og:url\" content=\"https:\/\/www.sprache-verbindet.net\/pl\/\" \/>\n<meta property=\"og:site_name\" content=\"Wsp\u00f3lna mowa \u0142\u0105czy\" \/>\n<meta property=\"article:modified_time\" content=\"2022-10-26T16:47:44+00:00\" \/>\n<meta name=\"twitter:card\" content=\"summary_large_image\" \/>\n<script type=\"application\/ld+json\" class=\"yoast-schema-graph\">{\"@context\":\"https:\/\/schema.org\",\"@graph\":[{\"@type\":\"WebPage\",\"@id\":\"https:\/\/www.sprache-verbindet.net\/pl\/\",\"url\":\"https:\/\/www.sprache-verbindet.net\/pl\/\",\"name\":\"Startseite - Wsp\u00f3lna mowa \u0142\u0105czy\",\"isPartOf\":{\"@id\":\"https:\/\/www.sprache-verbindet.net\/#website\"},\"datePublished\":\"2022-09-12T07:59:42+00:00\",\"dateModified\":\"2022-10-26T16:47:44+00:00\",\"description\":\"Drodzy Rodzice, Istotnym warunkiem sukcesu w szkole i zawodzie jest dobra znajomo\u015b\u0107 j\u0119zyka niemieckiego. Pomagamy dzieciom z rodzin emigracyjnych w nauce\",\"breadcrumb\":{\"@id\":\"https:\/\/www.sprache-verbindet.net\/pl\/#breadcrumb\"},\"inLanguage\":\"pl-PL\",\"potentialAction\":[{\"@type\":\"ReadAction\",\"target\":[\"https:\/\/www.sprache-verbindet.net\/pl\/\"]}]},{\"@type\":\"BreadcrumbList\",\"@id\":\"https:\/\/www.sprache-verbindet.net\/pl\/#breadcrumb\",\"itemListElement\":[{\"@type\":\"ListItem\",\"position\":1,\"name\":\"Startseite\",\"item\":\"https:\/\/www.sprache-verbindet.net\/pl\/\"},{\"@type\":\"ListItem\",\"position\":2,\"name\":\"Startseite\"}]},{\"@type\":\"WebSite\",\"@id\":\"https:\/\/www.sprache-verbindet.net\/#website\",\"url\":\"https:\/\/www.sprache-verbindet.net\/\",\"name\":\"Wsp\u00f3lna mowa \u0142\u0105czy\",\"description\":\"\",\"publisher\":{\"@id\":\"https:\/\/www.sprache-verbindet.net\/#organization\"},\"potentialAction\":[{\"@type\":\"SearchAction\",\"target\":{\"@type\":\"EntryPoint\",\"urlTemplate\":\"https:\/\/www.sprache-verbindet.net\/?s={search_term_string}\"},\"query-input\":{\"@type\":\"PropertyValueSpecification\",\"valueRequired\":true,\"valueName\":\"search_term_string\"}}],\"inLanguage\":\"pl-PL\"},{\"@type\":\"Organization\",\"@id\":\"https:\/\/www.sprache-verbindet.net\/#organization\",\"name\":\"Sprache verbindet\",\"url\":\"https:\/\/www.sprache-verbindet.net\/\",\"logo\":{\"@type\":\"ImageObject\",\"inLanguage\":\"pl-PL\",\"@id\":\"https:\/\/www.sprache-verbindet.net\/#\/schema\/logo\/image\/\",\"url\":\"https:\/\/www.sprache-verbindet.net\/wp-content\/uploads\/sprache-verbindet-logo.svg\",\"contentUrl\":\"https:\/\/www.sprache-verbindet.net\/wp-content\/uploads\/sprache-verbindet-logo.svg\",\"width\":1094,\"height\":297,\"caption\":\"Sprache verbindet\"},\"image\":{\"@id\":\"https:\/\/www.sprache-verbindet.net\/#\/schema\/logo\/image\/\"}}]}<\/script>\n<!-- \/ Yoast SEO plugin. -->","yoast_head_json":{"title":"Startseite - Wsp\u00f3lna mowa \u0142\u0105czy","description":"Drodzy Rodzice, Istotnym warunkiem sukcesu w szkole i zawodzie jest dobra znajomo\u015b\u0107 j\u0119zyka niemieckiego. Pomagamy dzieciom z rodzin emigracyjnych w nauce","robots":{"index":"index","follow":"follow","max-snippet":"max-snippet:-1","max-image-preview":"max-image-preview:large","max-video-preview":"max-video-preview:-1"},"canonical":"https:\/\/www.sprache-verbindet.net\/pl\/","og_locale":"pl_PL","og_type":"article","og_title":"Startseite - Wsp\u00f3lna mowa \u0142\u0105czy","og_description":"Drodzy Rodzice, Istotnym warunkiem sukcesu w szkole i zawodzie jest dobra znajomo\u015b\u0107 j\u0119zyka niemieckiego. Pomagamy dzieciom z rodzin emigracyjnych w nauce","og_url":"https:\/\/www.sprache-verbindet.net\/pl\/","og_site_name":"Wsp\u00f3lna mowa \u0142\u0105czy","article_modified_time":"2022-10-26T16:47:44+00:00","twitter_card":"summary_large_image","schema":{"@context":"https:\/\/schema.org","@graph":[{"@type":"WebPage","@id":"https:\/\/www.sprache-verbindet.net\/pl\/","url":"https:\/\/www.sprache-verbindet.net\/pl\/","name":"Startseite - Wsp\u00f3lna mowa \u0142\u0105czy","isPartOf":{"@id":"https:\/\/www.sprache-verbindet.net\/#website"},"datePublished":"2022-09-12T07:59:42+00:00","dateModified":"2022-10-26T16:47:44+00:00","description":"Drodzy Rodzice, Istotnym warunkiem sukcesu w szkole i zawodzie jest dobra znajomo\u015b\u0107 j\u0119zyka niemieckiego. Pomagamy dzieciom z rodzin emigracyjnych w nauce","breadcrumb":{"@id":"https:\/\/www.sprache-verbindet.net\/pl\/#breadcrumb"},"inLanguage":"pl-PL","potentialAction":[{"@type":"ReadAction","target":["https:\/\/www.sprache-verbindet.net\/pl\/"]}]},{"@type":"BreadcrumbList","@id":"https:\/\/www.sprache-verbindet.net\/pl\/#breadcrumb","itemListElement":[{"@type":"ListItem","position":1,"name":"Startseite","item":"https:\/\/www.sprache-verbindet.net\/pl\/"},{"@type":"ListItem","position":2,"name":"Startseite"}]},{"@type":"WebSite","@id":"https:\/\/www.sprache-verbindet.net\/#website","url":"https:\/\/www.sprache-verbindet.net\/","name":"Wsp\u00f3lna mowa \u0142\u0105czy","description":"","publisher":{"@id":"https:\/\/www.sprache-verbindet.net\/#organization"},"potentialAction":[{"@type":"SearchAction","target":{"@type":"EntryPoint","urlTemplate":"https:\/\/www.sprache-verbindet.net\/?s={search_term_string}"},"query-input":{"@type":"PropertyValueSpecification","valueRequired":true,"valueName":"search_term_string"}}],"inLanguage":"pl-PL"},{"@type":"Organization","@id":"https:\/\/www.sprache-verbindet.net\/#organization","name":"Sprache verbindet","url":"https:\/\/www.sprache-verbindet.net\/","logo":{"@type":"ImageObject","inLanguage":"pl-PL","@id":"https:\/\/www.sprache-verbindet.net\/#\/schema\/logo\/image\/","url":"https:\/\/www.sprache-verbindet.net\/wp-content\/uploads\/sprache-verbindet-logo.svg","contentUrl":"https:\/\/www.sprache-verbindet.net\/wp-content\/uploads\/sprache-verbindet-logo.svg","width":1094,"height":297,"caption":"Sprache verbindet"},"image":{"@id":"https:\/\/www.sprache-verbindet.net\/#\/schema\/logo\/image\/"}}]}},"_links":{"self":[{"href":"https:\/\/www.sprache-verbindet.net\/pl\/wp-json\/wp\/v2\/pages\/1396","targetHints":{"allow":["GET"]}}],"collection":[{"href":"https:\/\/www.sprache-verbindet.net\/pl\/wp-json\/wp\/v2\/pages"}],"about":[{"href":"https:\/\/www.sprache-verbindet.net\/pl\/wp-json\/wp\/v2\/types\/page"}],"author":[{"embeddable":true,"href":"https:\/\/www.sprache-verbindet.net\/pl\/wp-json\/wp\/v2\/users\/1"}],"replies":[{"embeddable":true,"href":"https:\/\/www.sprache-verbindet.net\/pl\/wp-json\/wp\/v2\/comments?post=1396"}],"version-history":[{"count":3,"href":"https:\/\/www.sprache-verbindet.net\/pl\/wp-json\/wp\/v2\/pages\/1396\/revisions"}],"predecessor-version":[{"id":1640,"href":"https:\/\/www.sprache-verbindet.net\/pl\/wp-json\/wp\/v2\/pages\/1396\/revisions\/1640"}],"wp:attachment":[{"href":"https:\/\/www.sprache-verbindet.net\/pl\/wp-json\/wp\/v2\/media?parent=1396"}],"curies":[{"name":"wp","href":"https:\/\/api.w.org\/{rel}","templated":true}]}}